{"id":2303,"date":"2019-09-03T16:11:44","date_gmt":"2019-09-03T14:11:44","guid":{"rendered":"http:\/\/www.djecje-kazaliste.hr\/?page_id=2303"},"modified":"2024-08-28T13:49:36","modified_gmt":"2024-08-28T11:49:36","slug":"uvjeti-koristenja","status":"publish","type":"page","link":"https:\/\/www.djecje-kazaliste.hr\/en\/uvjeti-koristenja\/","title":{"rendered":"Uvjeti kori\u0161tenja"},"content":{"rendered":"[vc_row][vc_column]<div class=\"vcex-heading vcex-module wpex-text-2xl wpex-font-normal wpex-m-auto wpex-max-w-100 vcex-heading-plain wpex-block wpex-text-center\" style=\"color:#58468c;font-family:Ribeye;\"><span class=\"vcex-heading-inner wpex-inline-block wpex-clr\"><span class=\"vcex-icon-wrap wpex-mr-15\"><span class=\"ticon ticon-info-circle\" aria-hidden=\"true\"><\/span><\/span>Molimo detaljno pro\u010ditajte tekst u nastavku: Dje\u010dje kazali\u0161te Branka Mihaljevi\u0107a<\/span><\/div><div class=\"vcex-spacing wpex-w-100 wpex-clear\" style=\"height:30px;\"><\/div>[vc_column_text font_size=&#8221;d:16|tl:16|tp:16|pl:16|pp:14&#8243;]<strong>UVJETI KORI\u0160TENJA (sezona 2024\/2025)<\/strong><br \/>\n&#8211; da \u0107e polaznik\/ca uredno poha\u0111ati sate utvr\u0111ene rasporedom i sudjelovati u produkciji po uputama voditelja studija, te na sate dolaziti u propisanoj opremi<br \/>\n&#8211; podmirivati mjese\u010dnu \u010dlanarinu do 20. u mjesecu za teku\u0107i mjesec<br \/>\n&#8211; \u010clanarina se pla\u0107a bez obzira da li polaznik dolazi na sate ili ne i nije mogu\u0107e osloba\u0111anje od pla\u0107anja zbog povrede ili bolesti<br \/>\n&#8211; Ukoliko polaznik odnosno njegov roditelj\/skrbnik nije podmirio\/la \u010dlanarinu 3 mjeseca Kazali\u0161te zadr\u017eava pravo da polaznika udalji sa satova poha\u0111anja<br \/>\n&#8211; Ukoliko polaznik nije podmirio \u010dlanarinu za teku\u0107u sezonu nema mogu\u0107nost upisa u narednu dok se ne podmiri dugovanje iz pro\u0161le sezone<\/p>\n<p><strong>\u010cLANARINA ZA STUDIO BALETNA IGRAONICA<\/strong><br \/>\n\u010clanarina se pla\u0107a u devet mjese\u010dnih obroka prema izdanim uplatnicama ili ra\u010dunima na iznos od 30,00 eura od rujna 2024. do svibnja 2025.godine. Ukoliko jedno dijete poha\u0111a dva studija ili dvoje i vi\u0161e djece iz iste obitelji jedno od studija tada \u010dlanarina iznosi 24,00 eura.<\/p>\n<p><strong>\u010cLANARINA ZA BALETNI STUDIO, DRAMSKI STUDIO I DRAMSKI STUDIO ZA SREDNJU \u0160KOLU<\/strong><br \/>\n\u010clanarina se pla\u0107a u deset mjese\u010dnih obroka prema izdanim uplatnicama ili ra\u010dunima na iznos od 30,00 eura od rujna 2024. do lipnja 2025. godine. Ukoliko jedno dijete poha\u0111a dva studija ili dvoje i vi\u0161e djece iz iste obitelji jedno od studija tada \u010dlanarina iznosi 24,00 eura.<\/p>\n<p><strong>RASKID UGOVORA<\/strong><br \/>\nOvaj ugovor Korisnik mo\u017ee jednostrano raskinuti u svakom trenutku uz obveznu dostavu pisane obavijesti Kazali\u0161tu ( osobno dostaviti u pisanom obliku ili putem e-mail-a: racunovodstvo@djecje- kazaliste.hr ).<\/p>\n<p>U slu\u010daju odustajanja Korisnik je du\u017ean platiti \u010dlanarinu zaklju\u010dno s mjesecom u kojem je polaznik\/ca prestao\/la poha\u0111ati studio. Datumom raskida Ugovora smatra se datum zaprimanja pisane obavijesti o raskidu Ugovora.<\/p>\n<p>U slu\u010daju neopravdanog kontinuiranog nepla\u0107anja \u010dlanarine Kazali\u0161te \u0107e postupiti po Proceduri pra\u0107enja i naplate prihoda i primitaka.<\/p>\n<p>Radi namirenja dospjele, a nepodmirene \u010dlanarine, a nakon ostvarenja prethodno navedenih uvjeta, Kazali\u0161te \u0107e pokrenuti postupak ovrhe.[\/vc_column_text][\/vc_column][\/vc_row][vc_row][vc_column][\/vc_column][\/vc_row][vc_row full_width=&#8221;stretch_row&#8221; css=&#8221;.vc_custom_1556484053379{margin-bottom: -1px !important;background-image: url(https:\/\/www.djecje-kazaliste.hr\/wp-content\/uploads\/2019\/04\/footer3.png?id=820) !important;background-position: center !important;background-repeat: no-repeat !important;background-size: cover !important;}&#8221;][vc_column]<div class=\"vcex-spacing wpex-w-100 wpex-clear\" style=\"height:135px;\"><\/div>[\/vc_column][\/vc_row]\n","protected":false},"excerpt":{"rendered":"<p>[vc_row][vc_column][vc_column_text font_size=&#8221;d:16|tl:16|tp:16|pl:16|pp:14&#8243;]UVJETI KORI\u0160TENJA (sezona 2024\/2025) &#8211; da \u0107e polaznik\/ca uredno poha\u0111ati sate utvr\u0111ene rasporedom i sudjelovati u produkciji po uputama voditelja studija, te na sate dolaziti u propisanoj opremi &#8211; podmirivati mjese\u010dnu \u010dlanarinu do 20. u mjesecu za teku\u0107i mjesec &#8211; \u010clanarina se pla\u0107a bez obzira da li polaznik dolazi na sate ili ne i&hellip;<\/p>\n","protected":false},"author":1,"featured_media":0,"parent":0,"menu_order":0,"comment_status":"closed","ping_status":"closed","template":"","meta":{"footnotes":""},"class_list":["post-2303","page","type-page","status-publish","hentry","entry","no-media"],"_links":{"self":[{"href":"https:\/\/www.djecje-kazaliste.hr\/en\/wp-json\/wp\/v2\/pages\/2303","targetHints":{"allow":["GET"]}}],"collection":[{"href":"https:\/\/www.djecje-kazaliste.hr\/en\/wp-json\/wp\/v2\/pages"}],"about":[{"href":"https:\/\/www.djecje-kazaliste.hr\/en\/wp-json\/wp\/v2\/types\/page"}],"author":[{"embeddable":true,"href":"https:\/\/www.djecje-kazaliste.hr\/en\/wp-json\/wp\/v2\/users\/1"}],"replies":[{"embeddable":true,"href":"https:\/\/www.djecje-kazaliste.hr\/en\/wp-json\/wp\/v2\/comments?post=2303"}],"version-history":[{"count":10,"href":"https:\/\/www.djecje-kazaliste.hr\/en\/wp-json\/wp\/v2\/pages\/2303\/revisions"}],"predecessor-version":[{"id":12813,"href":"https:\/\/www.djecje-kazaliste.hr\/en\/wp-json\/wp\/v2\/pages\/2303\/revisions\/12813"}],"wp:attachment":[{"href":"https:\/\/www.djecje-kazaliste.hr\/en\/wp-json\/wp\/v2\/media?parent=2303"}],"curies":[{"name":"wp","href":"https:\/\/api.w.org\/{rel}","templated":true}]}}